{"id":3242,"date":"2022-02-08T22:50:37","date_gmt":"2022-02-08T22:50:37","guid":{"rendered":"https:\/\/generaat.com\/politica-de-cookies\/"},"modified":"2022-02-08T22:50:38","modified_gmt":"2022-02-08T22:50:38","slug":"politica-de-cookies","status":"publish","type":"page","link":"https:\/\/generaat.com\/ca\/politica-de-cookies\/","title":{"rendered":"Pol\u00edtica de cookies"},"content":{"rendered":"<section id=\"bt_bb_section69e5e1624ae6c\" class=\"bt_bb_section bt_bb_layout_boxed_1200 bt_bb_vertical_align_top bt_bb_top_spacing_normal bt_bb_bottom_spacing_normal\"  data-bt-override-class=\"null\"><div class=\"bt_bb_port\"><div class=\"bt_bb_cell\"><div class=\"bt_bb_cell_inner\"><div class=\"bt_bb_row \"  data-bt-override-class=\"{}\"><div class=\"bt_bb_row_holder\" ><div  class=\"bt_bb_column col-xl-12 col-xs-12 col-sm-12 col-md-12 col-lg-12 bt_bb_align_left bt_bb_vertical_align_top bt_bb_padding_normal\"  data-width=\"12\" data-bt-override-class=\"{}\"><div class=\"bt_bb_column_content\"><div  class=\"bt_bb_text\" ><\/p>\n<p class=\"bodytext\">Las cookies son unos archivos que se instalan en el ordenador con la finalidad de obtener informaci\u00f3n de la navegaci\u00f3n, medir y analizar la audiencia. Para ello utilizamos las herramientas de Google Analytics.<\/p>\n<p class=\"bodytext\">Estas herramientas no obtienen datos personales como nombre o apellidos ni de la direcci\u00f3n postal de la conexi\u00f3n. La informaci\u00f3n que obtienen est\u00e1 relacionada con el n\u00famero de p\u00e1ginas visitadas, el idioma, red social en la que se publican nuestras noticias, la ciudad a la que est\u00e1 asignada la direcci\u00f3n IP desde la que se accede, el n\u00famero de nuevos usuarios, la frecuencia y reincidencia de las visitas, el tiempo de visita, el navegador y el operador o tipo de terminal desde el que se realiza la visita.<\/p>\n<p class=\"bodytext\">Esta informaci\u00f3n la utilizamos para mejorar nuestras p\u00e1ginas, detectar nuevas necesidades y valorar las mejoras a introducir con la finalidad de prestar un mejor servicio a los usuarios que nos visitan adapt\u00e1ndolas por ejemplo a los navegadores o terminales m\u00e1s utilizados.<\/p>\n<p class=\"bodytext\">Para permitir, conocer, bloquear o eliminar las cookies instaladas en su equipo puede hacerlo mediante la configuraci\u00f3n de las opciones del navegador instalado en su ordenador.<\/p>\n<p class=\"bodytext\">Puede encontrar informaci\u00f3n sobre como hacerlo dependiendo del navegador:<\/p>\n<p class=\"bodytext\">Firefox <a class=\"\" href=\"http:\/\/support.mozilla.org\/es\/kb\/habilitar-y-deshabilitar-cookies-que-los-sitios-we\" target=\"_blank\" rel=\"noopener\">http:\/\/support.mozilla.org\/es\/kb\/habilitar-y-deshabilitar-cookies-que-los-sitios-we<\/a><\/p>\n<p class=\"bodytext\">Chrome <a href=\"http:\/\/support.google.com\/chrome\/bin\/answer.py?hl=es&amp;answer=95647\" target=\"_blank\" rel=\"noopener\">http:\/\/support.google.com\/chrome\/bin\/answer.py?hl=es&amp;answer=95647<\/a><\/p>\n<p class=\"bodytext\">Explorer <a class=\"\" href=\"http:\/\/windows.microsoft.com\/es-es\/windows7\/how-to-manage-cookies-in-internet-explorer-9\" target=\"_blank\" rel=\"noopener\">http:\/\/windows.microsoft.com\/es-es\/windows7\/how-to-manage-cookies-in-internet-explorer-9<\/a><\/p>\n<p class=\"bodytext\">Safari <a href=\"http:\/\/support.apple.com\/kb\/ph5042\" target=\"_blank\" rel=\"noopener\">http:\/\/support.apple.com\/kb\/ph5042<\/a><\/p>\n<p>\n<\/div><\/div><\/div><\/div><\/div><\/div><!-- cell_inner --><\/div><!-- cell --><\/div><!-- port --><\/section>\n","protected":false},"excerpt":{"rendered":"","protected":false},"author":8,"featured_media":0,"parent":0,"menu_order":0,"comment_status":"closed","ping_status":"closed","template":"","meta":{"footnotes":""},"class_list":["post-3242","page","type-page","status-publish","hentry"],"yoast_head":"<!-- This site is optimized with the Yoast SEO plugin v27.4 - https:\/\/yoast.com\/product\/yoast-seo-wordpress\/ -->\n<title>Pol\u00edtica de cookies - Generaat<\/title>\n<meta name=\"robots\" content=\"index, follow, max-snippet:-1, max-image-preview:large, max-video-preview:-1\" \/>\n<link rel=\"canonical\" href=\"https:\/\/generaat.com\/ca\/politica-de-cookies\/\" \/>\n<meta property=\"og:locale\" content=\"ca_ES\" \/>\n<meta property=\"og:type\" content=\"article\" \/>\n<meta property=\"og:title\" content=\"Pol\u00edtica de cookies - Generaat\" \/>\n<meta property=\"og:url\" content=\"https:\/\/generaat.com\/ca\/politica-de-cookies\/\" \/>\n<meta property=\"og:site_name\" content=\"Generaat\" \/>\n<meta property=\"article:modified_time\" content=\"2022-02-08T22:50:38+00:00\" \/>\n<meta name=\"twitter:card\" content=\"summary_large_image\" \/>\n<meta name=\"twitter:site\" content=\"@generaat\" \/>\n<meta name=\"twitter:label1\" content=\"Temps estimat de lectura\" \/>\n\t<meta name=\"twitter:data1\" content=\"2 minuts\" \/>\n<script type=\"application\/ld+json\" class=\"yoast-schema-graph\">{\"@context\":\"https:\\\/\\\/schema.org\",\"@graph\":[{\"@type\":\"WebPage\",\"@id\":\"https:\\\/\\\/generaat.com\\\/ca\\\/politica-de-cookies\\\/\",\"url\":\"https:\\\/\\\/generaat.com\\\/ca\\\/politica-de-cookies\\\/\",\"name\":\"Pol\u00edtica de cookies - Generaat\",\"isPartOf\":{\"@id\":\"https:\\\/\\\/generaat.com\\\/#website\"},\"datePublished\":\"2022-02-08T22:50:37+00:00\",\"dateModified\":\"2022-02-08T22:50:38+00:00\",\"breadcrumb\":{\"@id\":\"https:\\\/\\\/generaat.com\\\/ca\\\/politica-de-cookies\\\/#breadcrumb\"},\"inLanguage\":\"ca\",\"potentialAction\":[{\"@type\":\"ReadAction\",\"target\":[\"https:\\\/\\\/generaat.com\\\/ca\\\/politica-de-cookies\\\/\"]}]},{\"@type\":\"BreadcrumbList\",\"@id\":\"https:\\\/\\\/generaat.com\\\/ca\\\/politica-de-cookies\\\/#breadcrumb\",\"itemListElement\":[{\"@type\":\"ListItem\",\"position\":1,\"name\":\"Portada\",\"item\":\"https:\\\/\\\/generaat.com\\\/ca\\\/\"},{\"@type\":\"ListItem\",\"position\":2,\"name\":\"Pol\u00edtica de cookies\"}]},{\"@type\":\"WebSite\",\"@id\":\"https:\\\/\\\/generaat.com\\\/#website\",\"url\":\"https:\\\/\\\/generaat.com\\\/\",\"name\":\"Generaat\",\"description\":\"\",\"potentialAction\":[{\"@type\":\"SearchAction\",\"target\":{\"@type\":\"EntryPoint\",\"urlTemplate\":\"https:\\\/\\\/generaat.com\\\/?s={search_term_string}\"},\"query-input\":{\"@type\":\"PropertyValueSpecification\",\"valueRequired\":true,\"valueName\":\"search_term_string\"}}],\"inLanguage\":\"ca\"}]}<\/script>\n<!-- \/ Yoast SEO plugin. -->","yoast_head_json":{"title":"Pol\u00edtica de cookies - Generaat","robots":{"index":"index","follow":"follow","max-snippet":"max-snippet:-1","max-image-preview":"max-image-preview:large","max-video-preview":"max-video-preview:-1"},"canonical":"https:\/\/generaat.com\/ca\/politica-de-cookies\/","og_locale":"ca_ES","og_type":"article","og_title":"Pol\u00edtica de cookies - Generaat","og_url":"https:\/\/generaat.com\/ca\/politica-de-cookies\/","og_site_name":"Generaat","article_modified_time":"2022-02-08T22:50:38+00:00","twitter_card":"summary_large_image","twitter_site":"@generaat","twitter_misc":{"Temps estimat de lectura":"2 minuts"},"schema":{"@context":"https:\/\/schema.org","@graph":[{"@type":"WebPage","@id":"https:\/\/generaat.com\/ca\/politica-de-cookies\/","url":"https:\/\/generaat.com\/ca\/politica-de-cookies\/","name":"Pol\u00edtica de cookies - Generaat","isPartOf":{"@id":"https:\/\/generaat.com\/#website"},"datePublished":"2022-02-08T22:50:37+00:00","dateModified":"2022-02-08T22:50:38+00:00","breadcrumb":{"@id":"https:\/\/generaat.com\/ca\/politica-de-cookies\/#breadcrumb"},"inLanguage":"ca","potentialAction":[{"@type":"ReadAction","target":["https:\/\/generaat.com\/ca\/politica-de-cookies\/"]}]},{"@type":"BreadcrumbList","@id":"https:\/\/generaat.com\/ca\/politica-de-cookies\/#breadcrumb","itemListElement":[{"@type":"ListItem","position":1,"name":"Portada","item":"https:\/\/generaat.com\/ca\/"},{"@type":"ListItem","position":2,"name":"Pol\u00edtica de cookies"}]},{"@type":"WebSite","@id":"https:\/\/generaat.com\/#website","url":"https:\/\/generaat.com\/","name":"Generaat","description":"","potentialAction":[{"@type":"SearchAction","target":{"@type":"EntryPoint","urlTemplate":"https:\/\/generaat.com\/?s={search_term_string}"},"query-input":{"@type":"PropertyValueSpecification","valueRequired":true,"valueName":"search_term_string"}}],"inLanguage":"ca"}]}},"jetpack_sharing_enabled":true,"_links":{"self":[{"href":"https:\/\/generaat.com\/ca\/wp-json\/wp\/v2\/pages\/3242","targetHints":{"allow":["GET"]}}],"collection":[{"href":"https:\/\/generaat.com\/ca\/wp-json\/wp\/v2\/pages"}],"about":[{"href":"https:\/\/generaat.com\/ca\/wp-json\/wp\/v2\/types\/page"}],"author":[{"embeddable":true,"href":"https:\/\/generaat.com\/ca\/wp-json\/wp\/v2\/users\/8"}],"replies":[{"embeddable":true,"href":"https:\/\/generaat.com\/ca\/wp-json\/wp\/v2\/comments?post=3242"}],"version-history":[{"count":2,"href":"https:\/\/generaat.com\/ca\/wp-json\/wp\/v2\/pages\/3242\/revisions"}],"predecessor-version":[{"id":3244,"href":"https:\/\/generaat.com\/ca\/wp-json\/wp\/v2\/pages\/3242\/revisions\/3244"}],"wp:attachment":[{"href":"https:\/\/generaat.com\/ca\/wp-json\/wp\/v2\/media?parent=3242"}],"curies":[{"name":"wp","href":"https:\/\/api.w.org\/{rel}","templated":true}]}}